{"id":731,"date":"2025-09-24T15:48:01","date_gmt":"2025-09-24T18:48:01","guid":{"rendered":"https:\/\/ifes.edu.ar\/carreras\/?page_id=731"},"modified":"2025-09-29T00:51:15","modified_gmt":"2025-09-29T03:51:15","slug":"geologia","status":"publish","type":"page","link":"https:\/\/ifes.edu.ar\/carreras\/geologia\/","title":{"rendered":"Geolog\u00eda"},"content":{"rendered":"<div class=\"wpb-content-wrapper\"><p>[vc_row dfd_row_config=&#8221;full_width_content&#8221; dfd_row_responsive_enable=&#8221;dfd-row-responsive-enable&#8221; responsive_styles=&#8221;padding_left_mobile:20|padding_right_mobile:20&#8243;][vc_column col_shadow=&#8221;box_shadow_enable:disable|shadow_horizontal:0|shadow_vertical:15|shadow_blur:50|shadow_spread:0|box_shadow_color:rgba(0%2C0%2C0%2C0.35)&#8221; col_shadow_hover=&#8221;box_shadow_enable:disable|shadow_horizontal:0|shadow_vertical:15|shadow_blur:50|shadow_spread:0|box_shadow_color:rgba(0%2C0%2C0%2C0.35)&#8221; offset=&#8221;vc_hidden-sm vc_hidden-xs&#8221;][dfd_single_image image=&#8221;190&#8243;][\/vc_column][\/vc_row][vc_row dfd_row_config=&#8221;full_width_content&#8221; dfd_row_responsive_enable=&#8221;dfd-row-responsive-enable&#8221;][vc_column col_shadow=&#8221;box_shadow_enable:disable|shadow_horizontal:0|shadow_vertical:15|shadow_blur:50|shadow_spread:0|box_shadow_color:rgba(0%2C0%2C0%2C0.35)&#8221; col_shadow_hover=&#8221;box_shadow_enable:disable|shadow_horizontal:0|shadow_vertical:15|shadow_blur:50|shadow_spread:0|box_shadow_color:rgba(0%2C0%2C0%2C0.35)&#8221; offset=&#8221;vc_hidden-lg vc_hidden-md&#8221;][dfd_single_image image=&#8221;191&#8243;][\/vc_column][\/vc_row][vc_row dfd_row_config=&#8221;full_width_content&#8221; force_equal_height_columns=&#8221;main_row&#8221;][vc_column col_shadow=&#8221;box_shadow_enable:disable|shadow_horizontal:0|shadow_vertical:15|shadow_blur:50|shadow_spread:0|box_shadow_color:rgba(0%2C0%2C0%2C0.35)&#8221; col_shadow_hover=&#8221;box_shadow_enable:disable|shadow_horizontal:0|shadow_vertical:15|shadow_blur:50|shadow_spread:0|box_shadow_color:rgba(0%2C0%2C0%2C0.35)&#8221;][dfd_single_image module_animation=&#8221;transition.slideUpBigIn&#8221; image=&#8221;732&#8243;][dfd_spacer screen_wide_spacer_size=&#8221;15&#8243; screen_normal_resolution=&#8221;1024&#8243; screen_tablet_resolution=&#8221;800&#8243; screen_mobile_resolution=&#8221;480&#8243;][vc_column_text css=&#8221;.vc_custom_1758739387875{padding-top: 2% !important;padding-right: 2% !important;padding-bottom: 2% !important;padding-left: 2% !important;}&#8221;]<\/p>\n<h5 style=\"text-align: center;\">Formaci\u00f3n orientada a la Industria del Petr\u00f3leo y Miner\u00eda pero tambi\u00e9n a Proyectos de Urbanizaci\u00f3n.<\/h5>\n<h5 style=\"text-align: center;\">Alta especializaci\u00f3n T\u00e9cnico Operativa, favoreciendo la r\u00e1pida Inserci\u00f3n Laboral.<\/h5>\n<h5 style=\"text-align: center;\">Orientaci\u00f3n en Reservorios y trabajos de exploraci\u00f3n de yacimientos convencionales y no convencionales<\/h5>\n<p>[\/vc_column_text][dfd_spacer screen_wide_spacer_size=&#8221;25&#8243; screen_normal_resolution=&#8221;1024&#8243; screen_tablet_resolution=&#8221;800&#8243; screen_mobile_resolution=&#8221;480&#8243;][\/vc_column][\/vc_row][vc_row dfd_row_config=&#8221;full_width_content&#8221; css=&#8221;.vc_custom_1758244034948{padding-top: 3% !important;padding-right: 3% !important;padding-left: 3% !important;}&#8221;][vc_column width=&#8221;1\/3&#8243;][dfd_single_image image=&#8221;719&#8243;][dfd_spacer screen_wide_spacer_size=&#8221;15&#8243; screen_normal_resolution=&#8221;1024&#8243; screen_tablet_resolution=&#8221;800&#8243; screen_mobile_resolution=&#8221;480&#8243;][vc_column_text css=&#8221;&#8221;]<\/p>\n<h5 style=\"text-align: center;\">CURSADO PRESENCIAL Y A DISTANCIA<\/h5>\n<p>[\/vc_column_text][dfd_spacer screen_wide_spacer_size=&#8221;25&#8243; screen_normal_resolution=&#8221;1024&#8243; screen_tablet_resolution=&#8221;800&#8243; screen_mobile_resolution=&#8221;480&#8243;][\/vc_column][vc_column width=&#8221;1\/3&#8243;][dfd_single_image image=&#8221;722&#8243;][dfd_spacer screen_wide_spacer_size=&#8221;15&#8243; screen_normal_resolution=&#8221;1024&#8243; screen_tablet_resolution=&#8221;800&#8243; screen_mobile_resolution=&#8221;480&#8243;][vc_column_text css=&#8221;&#8221;]<\/p>\n<h5 style=\"text-align: center;\">2 T\u00edtulos en 3 a\u00f1os ESTUDIAR EN PARALELO GEOLOG\u00cdA + HIDROCARBUROS (valor bonificado)<\/h5>\n<p>[\/vc_column_text][dfd_spacer screen_wide_spacer_size=&#8221;25&#8243; screen_normal_resolution=&#8221;1024&#8243; screen_tablet_resolution=&#8221;800&#8243; screen_mobile_resolution=&#8221;480&#8243;][\/vc_column][vc_column width=&#8221;1\/3&#8243;][dfd_single_image image=&#8221;721&#8243;][dfd_spacer screen_wide_spacer_size=&#8221;15&#8243; screen_normal_resolution=&#8221;1024&#8243; screen_tablet_resolution=&#8221;800&#8243; screen_mobile_resolution=&#8221;480&#8243;][vc_column_text css=&#8221;&#8221;]<\/p>\n<h5 style=\"text-align: center;\">Programa de Pasant\u00edas y Visitas a Empresas<\/h5>\n<p>[\/vc_column_text][dfd_spacer screen_wide_spacer_size=&#8221;25&#8243; screen_normal_resolution=&#8221;1024&#8243; screen_tablet_resolution=&#8221;800&#8243; screen_mobile_resolution=&#8221;480&#8243;][\/vc_column][\/vc_row][vc_row dfd_row_config=&#8221;full_width_content&#8221; css=&#8221;.vc_custom_1758244034948{padding-top: 3% !important;padding-right: 3% !important;padding-left: 3% !important;}&#8221;][vc_column width=&#8221;1\/3&#8243;][dfd_single_image image=&#8221;723&#8243;][dfd_spacer screen_wide_spacer_size=&#8221;15&#8243; screen_normal_resolution=&#8221;1024&#8243; screen_tablet_resolution=&#8221;800&#8243; screen_mobile_resolution=&#8221;480&#8243;][vc_column_text css=&#8221;&#8221;]<\/p>\n<h5 style=\"text-align: center;\">Equivalencias con: TECNICATURA EN ENERG\u00cdAS RENOVABLES<\/h5>\n<p>[\/vc_column_text][dfd_spacer screen_wide_spacer_size=&#8221;25&#8243; screen_normal_resolution=&#8221;1024&#8243; screen_tablet_resolution=&#8221;800&#8243; screen_mobile_resolution=&#8221;480&#8243;][\/vc_column][vc_column width=&#8221;1\/3&#8243;][dfd_single_image image=&#8221;725&#8243;][dfd_spacer screen_wide_spacer_size=&#8221;15&#8243; screen_normal_resolution=&#8221;1024&#8243; screen_tablet_resolution=&#8221;800&#8243; screen_mobile_resolution=&#8221;480&#8243;][vc_column_text css=&#8221;&#8221;]<\/p>\n<h5 style=\"text-align: center;\">Perfil orientado al Campo Laboral: M\u00c1S DEL 80% DE LOS EGRESADOS SE ENCUENTRA TRABAJANDO ACTUALMENTE<\/h5>\n<p>[\/vc_column_text][dfd_spacer screen_wide_spacer_size=&#8221;25&#8243; screen_normal_resolution=&#8221;1024&#8243; screen_tablet_resolution=&#8221;800&#8243; screen_mobile_resolution=&#8221;480&#8243;][\/vc_column][vc_column width=&#8221;1\/3&#8243;][dfd_single_image image=&#8221;726&#8243;][dfd_spacer screen_wide_spacer_size=&#8221;15&#8243; screen_normal_resolution=&#8221;1024&#8243; screen_tablet_resolution=&#8221;800&#8243; screen_mobile_resolution=&#8221;480&#8243;][vc_column_text css=&#8221;&#8221;]<\/p>\n<h5 style=\"text-align: center;\">Desarrollo de un Proyecto Final Integrador<\/h5>\n<p>[\/vc_column_text][dfd_spacer screen_wide_spacer_size=&#8221;25&#8243; screen_normal_resolution=&#8221;1024&#8243; screen_tablet_resolution=&#8221;800&#8243; screen_mobile_resolution=&#8221;480&#8243;][\/vc_column][\/vc_row][vc_row dfd_row_config=&#8221;full_width_content&#8221; force_equal_height_columns=&#8221;main_row&#8221;][vc_column width=&#8221;1\/3&#8243; col_shadow=&#8221;box_shadow_enable:disable|shadow_horizontal:0|shadow_vertical:15|shadow_blur:50|shadow_spread:0|box_shadow_color:rgba(0%2C0%2C0%2C0.35)&#8221; col_shadow_hover=&#8221;box_shadow_enable:disable|shadow_horizontal:0|shadow_vertical:15|shadow_blur:50|shadow_spread:0|box_shadow_color:rgba(0%2C0%2C0%2C0.35)&#8221;][dfd_single_image module_animation=&#8221;transition.slideUpBigIn&#8221; image=&#8221;729&#8243; img_rounded=&#8221;35&#8243;][\/vc_column][vc_column width=&#8221;1\/3&#8243; css=&#8221;.vc_custom_1758282946779{border-right-width: 10px !important;border-left-width: 10px !important;padding-top: 2% !important;padding-right: 2% !important;padding-bottom: 2% !important;padding-left: 2% !important;background-color: #FFDE59 !important;border-left-style: solid !important;border-right-style: solid !important;border-radius: 35px !important;border-color: #FFFFFF !important;}&#8221; col_shadow=&#8221;box_shadow_enable:disable|shadow_horizontal:0|shadow_vertical:15|shadow_blur:50|shadow_spread:0|box_shadow_color:rgba(0%2C0%2C0%2C0.35)&#8221; col_shadow_hover=&#8221;box_shadow_enable:disable|shadow_horizontal:0|shadow_vertical:15|shadow_blur:50|shadow_spread:0|box_shadow_color:rgba(0%2C0%2C0%2C0.35)&#8221;][dfd_spacer screen_wide_spacer_size=&#8221;20&#8243; screen_normal_resolution=&#8221;1024&#8243; screen_tablet_resolution=&#8221;800&#8243; screen_mobile_resolution=&#8221;480&#8243;][vc_column_text css=&#8221;&#8221; item_animation=&#8221;transition.slideUpBigIn&#8221;]<\/p>\n<h5 style=\"text-align: center;\"><span style=\"color: #1f3b73;\">Programa de Pasant\u00edas a trav\u00e9s del Bienestar Estudiantil IFES.<\/span><\/h5>\n<p>[\/vc_column_text][dfd_spacer screen_wide_spacer_size=&#8221;20&#8243; screen_normal_resolution=&#8221;1024&#8243; screen_tablet_resolution=&#8221;800&#8243; screen_mobile_resolution=&#8221;480&#8243;][\/vc_column][vc_column width=&#8221;1\/3&#8243; css=&#8221;.vc_custom_1758738193035{border-right-width: 10px !important;border-left-width: 10px !important;padding-top: 2% !important;padding-right: 2% !important;padding-bottom: 2% !important;padding-left: 2% !important;background-color: #1F3B73 !important;border-left-style: solid !important;border-right-style: solid !important;border-radius: 35px !important;border-color: #FFFFFF !important;}&#8221; col_shadow=&#8221;box_shadow_enable:disable|shadow_horizontal:0|shadow_vertical:15|shadow_blur:50|shadow_spread:0|box_shadow_color:rgba(0%2C0%2C0%2C0.35)&#8221; col_shadow_hover=&#8221;box_shadow_enable:disable|shadow_horizontal:0|shadow_vertical:15|shadow_blur:50|shadow_spread:0|box_shadow_color:rgba(0%2C0%2C0%2C0.35)&#8221;][dfd_spacer screen_wide_spacer_size=&#8221;20&#8243; screen_normal_resolution=&#8221;1024&#8243; screen_tablet_resolution=&#8221;800&#8243; screen_mobile_resolution=&#8221;480&#8243;][vc_column_text css=&#8221;&#8221; item_animation=&#8221;transition.slideUpBigIn&#8221;]<\/p>\n<h5 style=\"text-align: center;\"><span style=\"color: #ffde59;\">En IFES encontr\u00e1s acompa\u00f1amiento cercano, modalidad flexible y docentes comprometidos, para que tu experiencia de estudio sea m\u00e1s humana, accesible y transformadora.<\/span><\/h5>\n<p>[\/vc_column_text][dfd_spacer screen_wide_spacer_size=&#8221;20&#8243; screen_normal_resolution=&#8221;1024&#8243; screen_tablet_resolution=&#8221;800&#8243; screen_mobile_resolution=&#8221;480&#8243;][\/vc_column][\/vc_row][vc_row dfd_row_config=&#8221;full_width_content&#8221; force_equal_height_columns=&#8221;main_row&#8221;][vc_column col_shadow=&#8221;box_shadow_enable:disable|shadow_horizontal:0|shadow_vertical:15|shadow_blur:50|shadow_spread:0|box_shadow_color:rgba(0%2C0%2C0%2C0.35)&#8221; col_shadow_hover=&#8221;box_shadow_enable:disable|shadow_horizontal:0|shadow_vertical:15|shadow_blur:50|shadow_spread:0|box_shadow_color:rgba(0%2C0%2C0%2C0.35)&#8221;][dfd_spacer screen_wide_spacer_size=&#8221;15&#8243; screen_normal_resolution=&#8221;1024&#8243; screen_tablet_resolution=&#8221;800&#8243; screen_mobile_resolution=&#8221;480&#8243;][dfd_single_image module_animation=&#8221;transition.slideUpBigIn&#8221; image=&#8221;715&#8243;][dfd_spacer screen_wide_spacer_size=&#8221;25&#8243; screen_normal_resolution=&#8221;1024&#8243; screen_tablet_resolution=&#8221;800&#8243; screen_mobile_resolution=&#8221;480&#8243;][\/vc_column][\/vc_row][vc_row dfd_row_config=&#8221;full_width_content&#8221; force_equal_height_columns=&#8221;main_row&#8221;][vc_column col_shadow=&#8221;box_shadow_enable:disable|shadow_horizontal:0|shadow_vertical:15|shadow_blur:50|shadow_spread:0|box_shadow_color:rgba(0%2C0%2C0%2C0.35)&#8221; col_shadow_hover=&#8221;box_shadow_enable:disable|shadow_horizontal:0|shadow_vertical:15|shadow_blur:50|shadow_spread:0|box_shadow_color:rgba(0%2C0%2C0%2C0.35)&#8221;][dfd_spacer screen_wide_spacer_size=&#8221;25&#8243; screen_normal_resolution=&#8221;1024&#8243; screen_tablet_resolution=&#8221;800&#8243; screen_mobile_resolution=&#8221;480&#8243;][dfd_single_image module_animation=&#8221;transition.slideUpBigIn&#8221; image=&#8221;714&#8243;][dfd_spacer screen_wide_spacer_size=&#8221;25&#8243; screen_normal_resolution=&#8221;1024&#8243; screen_tablet_resolution=&#8221;800&#8243; screen_mobile_resolution=&#8221;480&#8243;][\/vc_column][\/vc_row][vc_row force_equal_height_columns=&#8221;main_row&#8221; align_content_vertically=&#8221;&#8221;][vc_column width=&#8221;1\/3&#8243; col_shadow=&#8221;box_shadow_enable:disable|shadow_horizontal:0|shadow_vertical:15|shadow_blur:50|shadow_spread:0|box_shadow_color:rgba(0%2C0%2C0%2C0.35)&#8221; col_shadow_hover=&#8221;box_shadow_enable:disable|shadow_horizontal:0|shadow_vertical:15|shadow_blur:50|shadow_spread:0|box_shadow_color:rgba(0%2C0%2C0%2C0.35)&#8221;][vc_column_text css=&#8221;.vc_custom_1758740879609{padding-top: 3% !important;padding-right: 3% !important;padding-bottom: 3% !important;padding-left: 3% !important;}&#8221; item_animation=&#8221;transition.slideUpBigIn&#8221;]<\/p>\n<h4><span style=\"color: #1f3b73;\">1er A\u00d1O<\/span><\/h4>\n<h5>Primer Cuatrimestre<\/h5>\n<ul>\n<li data-start=\"195\" data-end=\"211\">\n<p data-start=\"197\" data-end=\"211\">Procesos Comunicacionales<\/p>\n<\/li>\n<li data-start=\"195\" data-end=\"211\">\n<p data-start=\"197\" data-end=\"211\">Geolog\u00eda<\/p>\n<\/li>\n<li data-start=\"195\" data-end=\"211\">\n<p data-start=\"197\" data-end=\"211\">Herramientas Matem\u00e1ticas<\/p>\n<\/li>\n<li data-start=\"195\" data-end=\"211\">\n<p data-start=\"197\" data-end=\"211\">F\u00edsica<\/p>\n<\/li>\n<\/ul>\n<h5>Segundo Cuatrimestre<\/h5>\n<ul>\n<li data-start=\"297\" data-end=\"331\">\n<p data-start=\"299\" data-end=\"331\">Relaciones Humanas<\/p>\n<\/li>\n<li data-start=\"297\" data-end=\"331\">\n<p data-start=\"299\" data-end=\"331\">Qu\u00edmica Aplicada<\/p>\n<\/li>\n<li data-start=\"297\" data-end=\"331\">\n<p data-start=\"299\" data-end=\"331\">Ingl\u00e9s<\/p>\n<\/li>\n<li data-start=\"297\" data-end=\"331\">\n<p data-start=\"299\" data-end=\"331\">Inform\u00e1tica<\/p>\n<\/li>\n<\/ul>\n<p>[\/vc_column_text][\/vc_column][vc_column width=&#8221;1\/3&#8243;][vc_column_text css=&#8221;.vc_custom_1759117863574{padding-top: 3% !important;padding-right: 3% !important;padding-bottom: 3% !important;padding-left: 3% !important;}&#8221; item_animation=&#8221;transition.slideUpBigIn&#8221;]<\/p>\n<h4><span style=\"color: #1f3b73;\">2do A\u00d1O<\/span><\/h4>\n<h5>Tercer Cuatrimestre<\/h5>\n<ul>\n<li data-start=\"460\" data-end=\"495\">\n<p data-start=\"462\" data-end=\"495\">Sistema de Gesti\u00f3n de Calidad<\/p>\n<\/li>\n<li data-start=\"460\" data-end=\"495\">\n<p data-start=\"462\" data-end=\"495\">Geolog\u00eda Estructural<\/p>\n<\/li>\n<li data-start=\"460\" data-end=\"495\">\n<p data-start=\"462\" data-end=\"495\">Legislaci\u00f3n Minerales y Petrolog\u00eda<\/p>\n<\/li>\n<li data-start=\"460\" data-end=\"495\">\n<p data-start=\"462\" data-end=\"495\">Seguridad e Higiene Laboral<\/p>\n<\/li>\n<\/ul>\n<h5>Cuarto Cuatrimestre<\/h5>\n<ul>\n<li data-start=\"580\" data-end=\"606\">\n<p data-start=\"582\" data-end=\"606\">Geof\u00edsica<\/p>\n<\/li>\n<li data-start=\"580\" data-end=\"606\">\n<p data-start=\"582\" data-end=\"606\">Topograf\u00eda y Geodesia<\/p>\n<\/li>\n<li data-start=\"580\" data-end=\"606\">\n<p data-start=\"582\" data-end=\"606\">Impacto Ambiental<\/p>\n<\/li>\n<li data-start=\"580\" data-end=\"606\">\n<p data-start=\"582\" data-end=\"606\">Pr\u00e1ctica Profesionalizante I<\/p>\n<\/li>\n<\/ul>\n<p>[\/vc_column_text][\/vc_column][vc_column width=&#8221;1\/3&#8243;][vc_column_text css=&#8221;.vc_custom_1759117873388{padding-top: 3% !important;padding-right: 3% !important;padding-bottom: 3% !important;padding-left: 3% !important;}&#8221; item_animation=&#8221;transition.slideUpBigIn&#8221;]<\/p>\n<h4><span style=\"color: #1f3b73;\">3er A\u00d1O<\/span><\/h4>\n<h5>Quinto Cuatrimestre<\/h5>\n<ul>\n<li data-start=\"760\" data-end=\"773\">\n<p data-start=\"762\" data-end=\"773\">Sistema de Gesti\u00f3n de Seguridad<\/p>\n<\/li>\n<li data-start=\"760\" data-end=\"773\">\n<p data-start=\"762\" data-end=\"773\">Geoqu\u00edmica<\/p>\n<\/li>\n<li data-start=\"760\" data-end=\"773\">\n<p data-start=\"762\" data-end=\"773\">Geomorfolog\u00eda<\/p>\n<\/li>\n<li data-start=\"760\" data-end=\"773\">\n<p data-start=\"762\" data-end=\"773\">Pr\u00e1ctica Profesionalizante II (Anual)<\/p>\n<\/li>\n<\/ul>\n<h5>Sexto Cuatrimestre<\/h5>\n<ul>\n<li data-start=\"760\" data-end=\"773\">\n<p data-start=\"762\" data-end=\"773\">Geolog\u00eda, Gas y Petr\u00f3leo<\/p>\n<\/li>\n<li data-start=\"760\" data-end=\"773\">\n<p data-start=\"762\" data-end=\"773\">Mineralog\u00eda y An\u00e1lisis de Minas<\/p>\n<\/li>\n<li data-start=\"760\" data-end=\"773\">\n<p data-start=\"762\" data-end=\"773\">Sistema de Gesti\u00f3n Ambiental e Integrado<\/p>\n<\/li>\n<li data-start=\"760\" data-end=\"773\">\n<p data-start=\"762\" data-end=\"773\">Pr\u00e1ctica Profesionalizante II (Anual)<\/p>\n<\/li>\n<\/ul>\n<p>[\/vc_column_text][\/vc_column][\/vc_row][vc_row css=&#8221;.vc_custom_1738151431398{padding-top: 50px !important;padding-bottom: 50px !important;}&#8221;][vc_column width=&#8221;1\/3&#8243; css=&#8221;.vc_custom_1738151946582{padding-right: 50px !important;padding-left: 50px !important;}&#8221; col_shadow=&#8221;box_shadow_enable:disable|shadow_horizontal:0|shadow_vertical:15|shadow_blur:50|shadow_spread:0|box_shadow_color:rgba(0%2C0%2C0%2C0.35)&#8221; col_shadow_hover=&#8221;box_shadow_enable:disable|shadow_horizontal:0|shadow_vertical:15|shadow_blur:50|shadow_spread:0|box_shadow_color:rgba(0%2C0%2C0%2C0.35)&#8221;][dfd_button button_size=&#8221;dfd-button-full-width&#8221; button_text=&#8221;Quiero preguntar&#8221; border=&#8221;border_style:solid|border_top_width:2|border_bottom_width:2|border_left_width:2|border_right_width:2|border_color:%23275cd7&#8243; hover_border=&#8221;border_style:solid|border_top_width:2|border_bottom_width:2|border_left_width:2|border_right_width:2|border_color:%23275cd7&#8243; main_style=&#8221;style-2&#8243; box_shadow=&#8221;box_shadow_enable:disable|shadow_horizontal:0|shadow_vertical:15|shadow_blur:50|shadow_spread:0|box_shadow_color:rgba(0%2C0%2C0%2C0.35)&#8221; hover_box_shadow=&#8221;box_shadow_enable:disable|shadow_horizontal:0|shadow_vertical:15|shadow_blur:50|shadow_spread:0|box_shadow_color:rgba(0%2C0%2C0%2C0.35)&#8221; buttom_link_src=&#8221;url:https%3A%2F%2Fforms.kommo.com%2Frtmrcxr|target:_blank&#8221; text_color=&#8221;#FFFFFF&#8221; hover_text_color=&#8221;#275CD7&#8243; background=&#8221;#275CD7&#8243; hover_background=&#8221;#FFFFFF&#8221;][dfd_spacer screen_wide_spacer_size=&#8221;30&#8243; screen_normal_resolution=&#8221;1024&#8243; screen_tablet_resolution=&#8221;800&#8243; screen_mobile_resolution=&#8221;480&#8243;][\/vc_column][vc_column width=&#8221;1\/3&#8243; css=&#8221;.vc_custom_1738151955389{padding-right: 50px !important;padding-left: 50px !important;}&#8221; col_shadow=&#8221;box_shadow_enable:disable|shadow_horizontal:0|shadow_vertical:15|shadow_blur:50|shadow_spread:0|box_shadow_color:rgba(0%2C0%2C0%2C0.35)&#8221; col_shadow_hover=&#8221;box_shadow_enable:disable|shadow_horizontal:0|shadow_vertical:15|shadow_blur:50|shadow_spread:0|box_shadow_color:rgba(0%2C0%2C0%2C0.35)&#8221;][dfd_button button_size=&#8221;dfd-button-full-width&#8221; button_text=&#8221;Inscripci\u00f3n modalidad presencial&#8221; module_animation=&#8221;transition.slideUpBigIn&#8221; border=&#8221;border_style:solid|border_top_width:1|border_bottom_width:1|border_left_width:1|border_right_width:1|border_color:%23ffde59&#8243; hover_border=&#8221;border_style:solid|border_top_width:1|border_bottom_width:1|border_left_width:1|border_right_width:1|border_color:%23ffde59&#8243; main_style=&#8221;style-2&#8243; box_shadow=&#8221;box_shadow_enable:disable|shadow_horizontal:0|shadow_vertical:15|shadow_blur:50|shadow_spread:0|box_shadow_color:rgba(0%2C0%2C0%2C0.35)&#8221; hover_box_shadow=&#8221;box_shadow_enable:disable|shadow_horizontal:0|shadow_vertical:15|shadow_blur:50|shadow_spread:0|box_shadow_color:rgba(0%2C0%2C0%2C0.35)&#8221; text_color=&#8221;#282727&#8243; background=&#8221;#FFDE59&#8243; buttom_link_src=&#8221;url:https%3A%2F%2Fifes.net.ar%2Fpresencial%2Fcursos%2FmodeloCurso.html%3FidCurso%3DSIU-35|title:Inscripci%C3%B3n%20presencial|target:_blank&#8221; hover_text_color=&#8221;#FFDE59&#8243; hover_background=&#8221;#FFFFFF&#8221;][dfd_spacer screen_wide_spacer_size=&#8221;30&#8243; screen_normal_resolution=&#8221;1024&#8243; screen_tablet_resolution=&#8221;800&#8243; screen_mobile_resolution=&#8221;480&#8243;][\/vc_column][vc_column width=&#8221;1\/3&#8243;][dfd_button button_size=&#8221;dfd-button-full-width&#8221; button_text=&#8221;Inscripci\u00f3n modalidad distancia&#8221; module_animation=&#8221;transition.slideUpBigIn&#8221; border=&#8221;border_style:solid|border_top_width:1|border_bottom_width:1|border_left_width:1|border_right_width:1|border_color:%23ffde59&#8243; hover_border=&#8221;border_style:solid|border_top_width:1|border_bottom_width:1|border_left_width:1|border_right_width:1|border_color:%23ffde59&#8243; main_style=&#8221;style-2&#8243; box_shadow=&#8221;box_shadow_enable:disable|shadow_horizontal:0|shadow_vertical:15|shadow_blur:50|shadow_spread:0|box_shadow_color:rgba(0%2C0%2C0%2C0.35)&#8221; hover_box_shadow=&#8221;box_shadow_enable:disable|shadow_horizontal:0|shadow_vertical:15|shadow_blur:50|shadow_spread:0|box_shadow_color:rgba(0%2C0%2C0%2C0.35)&#8221; text_color=&#8221;#282727&#8243; background=&#8221;#FFDE59&#8243; buttom_link_src=&#8221;url:https%3A%2F%2Fifes.net.ar%2Fdistancia%2Fcursos%2FmodeloCurso.html%3FidCurso%3DSIU-121|title:Inscripci%C3%B3n%20distancia|target:_blank&#8221; hover_text_color=&#8221;#FFDE59&#8243; hover_background=&#8221;#FFFFFF&#8221;][dfd_spacer screen_wide_spacer_size=&#8221;30&#8243; screen_normal_resolution=&#8221;1024&#8243; screen_tablet_resolution=&#8221;800&#8243; screen_mobile_resolution=&#8221;480&#8243;][\/vc_column][\/vc_row]<\/p>\n<\/div>","protected":false},"excerpt":{"rendered":"<p>Estudiar Geolog\u00eda en Neuqu\u00e9n.<\/p>\n","protected":false},"author":1,"featured_media":0,"parent":0,"menu_order":0,"comment_status":"closed","ping_status":"open","template":"tmp-page.php","meta":{"footnotes":""},"class_list":["post-731","page","type-page","status-publish","hentry"],"_links":{"self":[{"href":"https:\/\/ifes.edu.ar\/carreras\/wp-json\/wp\/v2\/pages\/731","targetHints":{"allow":["GET"]}}],"collection":[{"href":"https:\/\/ifes.edu.ar\/carreras\/wp-json\/wp\/v2\/pages"}],"about":[{"href":"https:\/\/ifes.edu.ar\/carreras\/wp-json\/wp\/v2\/types\/page"}],"author":[{"embeddable":true,"href":"https:\/\/ifes.edu.ar\/carreras\/wp-json\/wp\/v2\/users\/1"}],"replies":[{"embeddable":true,"href":"https:\/\/ifes.edu.ar\/carreras\/wp-json\/wp\/v2\/comments?post=731"}],"version-history":[{"count":6,"href":"https:\/\/ifes.edu.ar\/carreras\/wp-json\/wp\/v2\/pages\/731\/revisions"}],"predecessor-version":[{"id":837,"href":"https:\/\/ifes.edu.ar\/carreras\/wp-json\/wp\/v2\/pages\/731\/revisions\/837"}],"wp:attachment":[{"href":"https:\/\/ifes.edu.ar\/carreras\/wp-json\/wp\/v2\/media?parent=731"}],"curies":[{"name":"wp","href":"https:\/\/api.w.org\/{rel}","templated":true}]}}